{"id":2,"date":"2024-05-03T11:11:17","date_gmt":"2024-05-03T09:11:17","guid":{"rendered":"https:\/\/developer.appareo.cz\/?page_id=2"},"modified":"2024-05-20T11:07:33","modified_gmt":"2024-05-20T09:07:33","slug":"appareo","status":"publish","type":"page","link":"https:\/\/developer.appareo.cz\/","title":{"rendered":"APPAREO"},"content":{"rendered":"<p>[et_pb_section fb_built=&#8220;1&#8243; _builder_version=&#8220;4.10.2&#8243; _module_preset=&#8220;default&#8220; width=&#8220;100%&#8220; min_height=&#8220;421px&#8220; hover_enabled=&#8220;0&#8243; global_colors_info=&#8220;{}&#8220; title_text=&#8220;Appareo uvodn\u00ed 3&#8243; background_image=&#8220;https:\/\/developer.appareo.cz\/wp-content\/uploads\/2024\/05\/Appareo-uvodni-3.png&#8220; sticky_enabled=&#8220;0&#8243;][et_pb_row column_structure=&#8220;2_3,1_3&#8243; _builder_version=&#8220;4.10.2&#8243; _module_preset=&#8220;default&#8220; hover_enabled=&#8220;0&#8243; global_colors_info=&#8220;{}&#8220; sticky_enabled=&#8220;0&#8243;][et_pb_column type=&#8220;2_3&#8243; _builder_version=&#8220;4.10.2&#8243; _module_preset=&#8220;default&#8220; global_colors_info=&#8220;{}&#8220;][et_pb_text _builder_version=&#8220;4.10.2&#8243; _module_preset=&#8220;default&#8220; positioning=&#8220;relative&#8220; vertical_offset=&#8220;9px&#8220; horizontal_offset=&#8220;-40px&#8220; hover_enabled=&#8220;0&#8243; global_colors_info=&#8220;{}&#8220; disabled_on=&#8220;on|on|off&#8220; sticky_enabled=&#8220;0&#8243;]<\/p>\n<h1><strong>OBJEV SV\u00c9 <span style=\"color: #ff0000;\">APPAREO<\/span><\/strong><\/h1>\n<p>[\/et_pb_text][\/et_pb_column][et_pb_column type=&#8220;1_3&#8243; _builder_version=&#8220;4.10.2&#8243; _module_preset=&#8220;default&#8220; global_colors_info=&#8220;{}&#8220;][et_pb_text _builder_version=&#8220;4.10.2&#8243; _module_preset=&#8220;default&#8220; positioning=&#8220;relative&#8220; position_origin_r=&#8220;bottom_left&#8220; vertical_offset=&#8220;-8px&#8220; horizontal_offset=&#8220;9px&#8220; z_index=&#8220;0&#8243; hover_enabled=&#8220;0&#8243; global_colors_info=&#8220;{}&#8220; disabled_on=&#8220;on|on|off&#8220; sticky_enabled=&#8220;0&#8243;]<\/p>\n<h3 style=\"text-align: center;\"><span style=\"font-weight: 400; color: #ffffff;\"><strong>APPAREO <\/strong>je mlad\u00e1 \u010desk\u00e1<\/span><\/h3>\n<h3 style=\"text-align: center;\"><span style=\"font-weight: 400; color: #ffffff;\"> zna\u010dka.<\/span><\/h3>\n<p style=\"text-align: center;\"><span style=\"font-weight: 400; color: #ffffff;\"><\/span><\/p>\n<p style=\"text-align: center;\"><span style=\"font-weight: 400; color: #ffffff;\"><\/span><\/p>\n<h3 style=\"text-align: center;\"><span style=\"color: #ffffff;\"><span style=\"font-weight: 400;\"><strong>\u201cAPPAREO\u201d<\/strong> = objevit se, manifestovat se, uk\u00e1zat se.<\/span><\/span><span style=\"color: #ffffff;\"><span style=\"font-weight: 400;\"><\/span><\/span><\/h3>\n<p style=\"text-align: center;\"><span style=\"color: #ffffff;\"><span style=\"font-weight: 400;\"><\/span><\/span><\/p>\n<p style=\"text-align: center;\"><span style=\"color: #ffffff;\"><span style=\"font-weight: 400;\"><\/span><\/span><\/p>\n<h3 style=\"text-align: center;\"><span style=\"font-weight: 400; color: #ffffff;\"><strong>APPAREO<\/strong> manifestuje to nejlep\u0161\u00ed, k \u010demu jsme b\u011bhem na\u0161\u00ed dlouholet\u00e9 praxe ve v\u00fdrob\u011b kosmetiky do\u0161li.<\/span><\/h3>\n<h3 style=\"text-align: center;\"><\/h3>\n<p>[\/et_pb_text][\/et_pb_column][\/et_pb_row][\/et_pb_section][et_pb_section fb_built=&#8220;1&#8243; _builder_version=&#8220;4.10.2&#8243; _module_preset=&#8220;default&#8220; background_color=&#8220;#000000&#8243; background_image=&#8220;https:\/\/developer.appareo.cz\/wp-content\/uploads\/2024\/05\/5555.png&#8220; min_height=&#8220;532px&#8220; custom_margin=&#8220;||-19px|||&#8220; global_colors_info=&#8220;{}&#8220;][et_pb_row column_structure=&#8220;2_5,3_5&#8243; _builder_version=&#8220;4.10.2&#8243; _module_preset=&#8220;default&#8220; min_height=&#8220;450px&#8220; global_colors_info=&#8220;{}&#8220;][et_pb_column type=&#8220;2_5&#8243; _builder_version=&#8220;4.10.2&#8243; _module_preset=&#8220;default&#8220; global_colors_info=&#8220;{}&#8220;][et_pb_image src=&#8220;https:\/\/developer.appareo.cz\/wp-content\/uploads\/2024\/05\/WhatsApp-Image-2024-05-04-at-15.29.53.jpeg&#8220; title_text=&#8220;WhatsApp Image 2024-05-04 at 15.29.53&#8243; _builder_version=&#8220;4.10.2&#8243; _module_preset=&#8220;default&#8220; border_radii=&#8220;on|14px|14px|14px|14px&#8220; global_colors_info=&#8220;{}&#8220;][\/et_pb_image][\/et_pb_column][et_pb_column type=&#8220;3_5&#8243; _builder_version=&#8220;4.10.2&#8243; _module_preset=&#8220;default&#8220; global_colors_info=&#8220;{}&#8220;][et_pb_text _builder_version=&#8220;4.10.2&#8243; _module_preset=&#8220;default&#8220; custom_margin=&#8220;||-38px|||&#8220; custom_padding=&#8220;5px||0px|||&#8220; global_colors_info=&#8220;{}&#8220;]<\/p>\n<h1><strong><span style=\"color: #ff0000;\">APPAREO<\/span><\/strong><\/h1>\n<p><strong><\/strong><\/p>\n<p><strong><\/strong><\/p>\n<ul>\n<li>\n<h3><span style=\"color: #999999;\">PRVOT\u0158\u00cdDN\u00cd KVALITA A EXKLUSIVN\u00cd SLO\u017dEN\u00cd PRODUKT\u016e<\/span><span style=\"color: #999999;\"><\/span><\/h3>\n<p><span style=\"color: #999999;\"><\/span><span style=\"color: #999999;\"><\/span><\/p>\n<p><span style=\"color: #999999;\"><\/span><\/p>\n<\/li>\n<\/ul>\n<p><span style=\"color: #999999;\"><\/span><\/p>\n<ul>\n<li>\n<h3><span style=\"color: #999999;\">MODERN\u00cd MINIMALISTICK\u00dd DESIGN S D\u016eRAZEM NA UDR\u017dITELNOST<\/span><span style=\"color: #999999;\"><\/span><\/h3>\n<\/li>\n<\/ul>\n<p><span style=\"color: #999999;\"><\/span><\/p>\n<ul>\n<li>\n<h3><span style=\"color: #999999;\">VLASTN\u00cd V\u00ddVOJ<\/span><\/h3>\n<\/li>\n<\/ul>\n<p><span style=\"color: #999999;\"><\/span><\/p>\n<ul>\n<li>\n<h3><span style=\"color: #999999;\">\u010cESK\u00c1 V\u00ddROBA S DLOUHOLETOU ZKU\u0160ENOST\u00cd<\/span><\/h3>\n<\/li>\n<\/ul>\n<p><span style=\"color: #999999;\"><\/span><\/p>\n<p><span style=\"color: #999999;\"><\/span><\/p>\n<p><span style=\"color: #999999;\"><\/span><\/p>\n<ul>\n<li>\n<h3><span style=\"color: #999999;\">DOSTUPN\u00c9 CENY<\/span><\/h3>\n<\/li>\n<\/ul>\n<p>[\/et_pb_text][\/et_pb_column][\/et_pb_row][\/et_pb_section][et_pb_section fb_built=&#8220;1&#8243; _builder_version=&#8220;4.10.2&#8243; _module_preset=&#8220;default&#8220; background_color=&#8220;RGBA(0,0,0,0)&#8220; background_image=&#8220;https:\/\/developer.appareo.cz\/wp-content\/uploads\/2024\/05\/koule-22.png&#8220; global_colors_info=&#8220;{}&#8220;][et_pb_row column_structure=&#8220;2_5,3_5&#8243; _builder_version=&#8220;4.10.2&#8243; _module_preset=&#8220;default&#8220; global_colors_info=&#8220;{}&#8220;][et_pb_column type=&#8220;2_5&#8243; _builder_version=&#8220;4.10.2&#8243; _module_preset=&#8220;default&#8220; global_colors_info=&#8220;{}&#8220;][et_pb_text _builder_version=&#8220;4.10.2&#8243; _module_preset=&#8220;default&#8220; positioning=&#8220;relative&#8220; vertical_offset=&#8220;9px&#8220; hover_enabled=&#8220;0&#8243; global_colors_info=&#8220;{}&#8220; sticky_enabled=&#8220;0&#8243; horizontal_offset=&#8220;19px&#8220;]<\/p>\n<h1><span style=\"font-weight: 400; color: #999999;\"><strong>VIZE<\/strong><\/span><\/h1>\n<p><span style=\"font-weight: 400; color: #999999;\"><strong><\/strong><\/span><\/p>\n<p><span style=\"font-weight: 400; color: #999999;\"><strong><\/strong><\/span><\/p>\n<p><span style=\"font-weight: 400;\"><strong>APPAREO<\/strong> p\u0159in\u00e1\u0161\u00ed v neot\u0159el\u00e9m modern\u00edm designu vyzkou\u0161en\u00e9, \u00fa\u010dinn\u00e9 a kvalitn\u00ed produkty v dostupn\u00fdch cen\u00e1ch. S d\u016frazem na inovace, bezpe\u010dnost a udr\u017eitelnost.<\/span><\/p>\n<p><span style=\"font-weight: 400;\"><\/span><\/p>\n<p><span style=\"font-weight: 400;\">Viz\u00ed zna\u010dky <strong>APARREO<\/strong> je tvorba lok\u00e1ln\u00ed zna\u010dky s mezin\u00e1rodn\u00edm p\u0159esahem, kter\u00e1 bude p\u0159in\u00e1\u0161et u\u017eivatel\u016fm to nejlep\u0161\u00ed ve v\u0161ech sm\u011brech. <\/span><\/p>\n<p>[\/et_pb_text][\/et_pb_column][et_pb_column type=&#8220;3_5&#8243; _builder_version=&#8220;4.10.2&#8243; _module_preset=&#8220;default&#8220; global_colors_info=&#8220;{}&#8220;][et_pb_image src=&#8220;https:\/\/developer.appareo.cz\/wp-content\/uploads\/2024\/05\/laboratory-glassware-with-serum-mint-oil-marble-background-natural-medicine-cosmetic-scaled.jpg&#8220; title_text=&#8220;Laboratory glassware with serum and mint oil on marble background. Natural medicine, cosmetic research, bio science, organic skin care products with herbal extracts. Flat lay, top view&#8220; _builder_version=&#8220;4.10.2&#8243; _module_preset=&#8220;default&#8220; border_radii=&#8220;on|14px|14px|14px|14px&#8220; global_colors_info=&#8220;{}&#8220;][\/et_pb_image][\/et_pb_column][\/et_pb_row][et_pb_row column_structure=&#8220;3_5,2_5&#8243; _builder_version=&#8220;4.10.2&#8243; _module_preset=&#8220;default&#8220; global_colors_info=&#8220;{}&#8220;][et_pb_column type=&#8220;3_5&#8243; _builder_version=&#8220;4.10.2&#8243; _module_preset=&#8220;default&#8220; global_colors_info=&#8220;{}&#8220;][et_pb_image src=&#8220;https:\/\/developer.appareo.cz\/wp-content\/uploads\/2024\/05\/woman-standing-field-against-sky-sunset-scaled.jpg&#8220; title_text=&#8220;woman-standing-field-against-sky-sunset&#8220; _builder_version=&#8220;4.10.2&#8243; _module_preset=&#8220;default&#8220; border_radii=&#8220;on|14px|14px|14px|14px&#8220; global_colors_info=&#8220;{}&#8220;][\/et_pb_image][\/et_pb_column][et_pb_column type=&#8220;2_5&#8243; _builder_version=&#8220;4.10.2&#8243; _module_preset=&#8220;default&#8220; global_colors_info=&#8220;{}&#8220;][et_pb_text _builder_version=&#8220;4.10.2&#8243; _module_preset=&#8220;default&#8220; positioning=&#8220;relative&#8220; vertical_offset=&#8220;25px&#8220; global_colors_info=&#8220;{}&#8220;]<\/p>\n<h1><span style=\"color: #999999;\"><strong><\/strong><\/span><\/h1>\n<h1><span style=\"color: #999999;\"><strong>MISE<\/strong><\/span><\/h1>\n<p><span style=\"color: #999999;\"><strong><\/strong><\/span><\/p>\n<p><span style=\"font-weight: 400;\">Jsme zast\u00e1nci<strong> holistick\u00e9ho p\u0159\u00edstupu<\/strong> k \u017eivotu jako takov\u00e9mu. Do tvorby na\u0161ich produkt\u016f vkl\u00e1d\u00e1me celostn\u00ed p\u0159\u00edstup t\u011blu, k \u010dlov\u011bku jako<strong> jedinci, spole\u010dnosti i cel\u00e9 planet\u011b.\u00a0<\/strong><\/span><\/p>\n<p><span style=\"font-weight: 400;\"><\/span><\/p>\n<p><span style=\"font-weight: 400;\">Vych\u00e1z\u00edme z <strong>nejnov\u011bj\u0161\u00edch<\/strong> poznatk\u016f z oblasti nejen <strong>ingredienc\u00ed<\/strong> a tvorby <strong>kosmetick\u00fdch hmot,<\/strong> ale i <strong>technologi\u00ed<\/strong> v obalech s celkov\u00fdm d\u016frazem na efektivnost a z\u00e1rove\u0148 <strong>\u0161etrnost.<\/strong><\/span><\/p>\n<p><span style=\"font-weight: 400;\"><\/span><\/p>\n<p><span style=\"font-weight: 400;\">Zakl\u00e1d\u00e1me si na tom, \u017ee v\u0161echny na\u0161e produkty jsou n\u00e1mi <strong>osobn\u011b testovan\u00e9, ekologicky a eticky vyr\u00e1b\u011bn\u00e9<\/strong>. <\/span><\/p>\n<p>[\/et_pb_text][\/et_pb_column][\/et_pb_row][\/et_pb_section]<\/p>\n","protected":false},"excerpt":{"rendered":"<p>[et_pb_section fb_built=&#8220;1&#8243; _builder_version=&#8220;4.10.2&#8243; _module_preset=&#8220;default&#8220; width=&#8220;100%&#8220; min_height=&#8220;421px&#8220; hover_enabled=&#8220;0&#8243; global_colors_info=&#8220;{}&#8220; title_text=&#8220;Appareo uvodn\u00ed 3&#8243; background_image=&#8220;https:\/\/developer.appareo.cz\/wp-content\/uploads\/2024\/05\/Appareo-uvodni-3.png&#8220; sticky_enabled=&#8220;0&#8243;][et_pb_row column_structure=&#8220;2_3,1_3&#8243; _builder_version=&#8220;4.10.2&#8243; _module_preset=&#8220;default&#8220; hover_enabled=&#8220;0&#8243; global_colors_info=&#8220;{}&#8220; sticky_enabled=&#8220;0&#8243;][et_pb_column type=&#8220;2_3&#8243; _builder_version=&#8220;4.10.2&#8243; _module_preset=&#8220;default&#8220; global_colors_info=&#8220;{}&#8220;][et_pb_text _builder_version=&#8220;4.10.2&#8243; _module_preset=&#8220;default&#8220; positioning=&#8220;relative&#8220; vertical_offset=&#8220;9px&#8220; horizontal_offset=&#8220;-40px&#8220; hover_enabled=&#8220;0&#8243; global_colors_info=&#8220;{}&#8220; disabled_on=&#8220;on|on|off&#8220; sticky_enabled=&#8220;0&#8243;] OBJEV SV\u00c9 APPAREO [\/et_pb_text][\/et_pb_column][et_pb_column type=&#8220;1_3&#8243; _builder_version=&#8220;4.10.2&#8243; _module_preset=&#8220;default&#8220; global_colors_info=&#8220;{}&#8220;][et_pb_text _builder_version=&#8220;4.10.2&#8243; _module_preset=&#8220;default&#8220; positioning=&#8220;relative&#8220; position_origin_r=&#8220;bottom_left&#8220; vertical_offset=&#8220;-8px&#8220; horizontal_offset=&#8220;9px&#8220; z_index=&#8220;0&#8243; hover_enabled=&#8220;0&#8243; global_colors_info=&#8220;{}&#8220; disabled_on=&#8220;on|on|off&#8220; sticky_enabled=&#8220;0&#8243;] APPAREO je mlad\u00e1 \u010desk\u00e1 [&hellip;]<\/p>\n","protected":false},"author":1,"featured_media":0,"parent":0,"menu_order":0,"comment_status":"closed","ping_status":"closed","template":"","meta":{"footnotes":""},"class_list":["post-2","page","type-page","status-publish","hentry"],"_links":{"self":[{"href":"https:\/\/developer.appareo.cz\/index.php?rest_route=\/wp\/v2\/pages\/2","targetHints":{"allow":["GET"]}}],"collection":[{"href":"https:\/\/developer.appareo.cz\/index.php?rest_route=\/wp\/v2\/pages"}],"about":[{"href":"https:\/\/developer.appareo.cz\/index.php?rest_route=\/wp\/v2\/types\/page"}],"author":[{"embeddable":true,"href":"https:\/\/developer.appareo.cz\/index.php?rest_route=\/wp\/v2\/users\/1"}],"replies":[{"embeddable":true,"href":"https:\/\/developer.appareo.cz\/index.php?rest_route=%2Fwp%2Fv2%2Fcomments&post=2"}],"version-history":[{"count":12,"href":"https:\/\/developer.appareo.cz\/index.php?rest_route=\/wp\/v2\/pages\/2\/revisions"}],"predecessor-version":[{"id":63,"href":"https:\/\/developer.appareo.cz\/index.php?rest_route=\/wp\/v2\/pages\/2\/revisions\/63"}],"wp:attachment":[{"href":"https:\/\/developer.appareo.cz\/index.php?rest_route=%2Fwp%2Fv2%2Fmedia&parent=2"}],"curies":[{"name":"wp","href":"https:\/\/api.w.org\/{rel}","templated":true}]}}